{"id":8553,"date":"2024-02-20T08:13:02","date_gmt":"2024-02-20T07:13:02","guid":{"rendered":"https:\/\/www.coffeemakers.de\/wpcm\/?page_id=8553"},"modified":"2025-01-23T14:53:06","modified_gmt":"2025-01-23T13:53:06","slug":"reparaturanleitung-fuer-phillips","status":"publish","type":"page","link":"https:\/\/www.coffeemakers.de\/wpcm\/reparaturanleitung-fuer-phillips\/","title":{"rendered":"Reparaturanleitung f\u00fcr Phillips"},"content":{"rendered":"\n<h1>Reparaturanleitung f\u00fcr Phillips Kaffeevollautomaten<\/h1>\n\n\n\n<figure class=\"wp-block-image size-full\"><img loading=\"lazy\" decoding=\"async\" width=\"1024\" height=\"380\" src=\"https:\/\/www.coffeemakers.de\/wpcm\/wp-content\/uploads\/2024\/02\/phillips-header.jpg\" alt=\"Reparaturanleitung f\u00fcr Phillips Kaffeevollautomaten\" class=\"wp-image-8554\" srcset=\"https:\/\/www.coffeemakers.de\/wpcm\/wp-content\/uploads\/2024\/02\/phillips-header.jpg 1024w, https:\/\/www.coffeemakers.de\/wpcm\/wp-content\/uploads\/2024\/02\/phillips-header-300x111.jpg 300w, https:\/\/www.coffeemakers.de\/wpcm\/wp-content\/uploads\/2024\/02\/phillips-header-768x285.jpg 768w, https:\/\/www.coffeemakers.de\/wpcm\/wp-content\/uploads\/2024\/02\/phillips-header-674x250.jpg 674w\" sizes=\"auto, (max-width: 1024px) 100vw, 1024px\" \/><\/figure>\n\n\n\n<p>Sparen Sie sich teure Neuanschaffungen und genie\u00dfen Sie dennoch schnell wieder erstklassigen Kaffee. Mit den Coffeemakers-Reparaturanleitungen.<\/p>\n\n\n<h2 class=\"wp-block-heading\" id=\"unsere-anleitungen\">Unsere Anleitungen:<\/h2>\n\n\n<ul class=\"wp-block-list\"><li><a href=\"https:\/\/www.coffeemakers.de\/wpcm\/philips-kaffeevollautomat-die-pumpe-wird-immer-leiser\/\"><strong>Philips Kaffeevollautomat: Die Pumpe wird immer leiser &#8211;<\/strong> Die Pumpe Ihres Kaffeevollautomaten schafft es nicht mehr das Wasser zur Br\u00fchgruppe zu pressen? Das k\u00f6nnte der Grund sein.<\/a><\/li><li><a href=\"https:\/\/www.coffeemakers.de\/wpcm\/phillips-2000er-3000er-serie-rotes-warnlicht-blinkt\/\"><strong>Phillips 2000er- &amp; 3000er-Serie: Rotes Warnlicht blinkt<\/strong> -Fehlermeldung am Phillips-Kaffeeautomaten? So hat unser Expert das Problem gel\u00f6st &#8211; ein Video-Guide, der wirklich hilft!<\/a><\/li><\/ul>\n\n\n\n<div style=\"height:48px\" aria-hidden=\"true\" class=\"wp-block-spacer\"><\/div>\n\n\n\n<div class=\"wp-block-columns is-layout-flex wp-container-core-columns-is-layout-9d6595d7 wp-block-columns-is-layout-flex\">\n<div class=\"wp-block-column is-vertically-aligned-center is-layout-flow wp-block-column-is-layout-flow\"><h3 class=\"has-text-align-center wp-block-heading\" id=\"ersatzteile-von-philips\"><a href=\"https:\/\/www.coffeemakers.de\/index.php?&amp;qs=phillips&amp;search=\">Ersatzteile von Philips<\/a><\/h3><\/div>\n\n\n\n<div class=\"wp-block-column is-layout-flow wp-block-column-is-layout-flow\">\n<div class=\"wp-block-image\"><figure class=\"aligncenter size-full\"><img loading=\"lazy\" decoding=\"async\" width=\"500\" height=\"150\" src=\"https:\/\/www.coffeemakers.de\/wpcm\/wp-content\/uploads\/2018\/03\/popup-rabatt-cm.jpg\" alt=\"\" class=\"wp-image-5689\" srcset=\"https:\/\/www.coffeemakers.de\/wpcm\/wp-content\/uploads\/2018\/03\/popup-rabatt-cm.jpg 500w, https:\/\/www.coffeemakers.de\/wpcm\/wp-content\/uploads\/2018\/03\/popup-rabatt-cm-300x90.jpg 300w\" sizes=\"auto, (max-width: 500px) 100vw, 500px\" \/><\/figure><\/div>\n<\/div>\n<\/div>\n\n\n\n<div style=\"height:48px\" aria-hidden=\"true\" class=\"wp-block-spacer\"><\/div>\n","protected":false},"excerpt":{"rendered":"<p>Reparaturanleitung f\u00fcr Phillips Kaffeevollautomaten Sparen Sie sich teure Neuanschaffungen und genie\u00dfen Sie dennoch schnell wieder erstklassigen Kaffee. Mit den Coffeemakers-Reparaturanleitungen. Unsere Anleitungen: Philips Kaffeevollautomat: Die Pumpe wird immer leiser &#8211; Die Pumpe Ihres Kaffeevollautomaten schafft es nicht mehr das Wasser zur Br\u00fchgruppe zu pressen? Das k\u00f6nnte der Grund sein. Phillips 2000er- &amp; 3000er-Serie: Rotes Warnlicht blinkt -Fehlermeldung am Phillips-Kaffeeautomaten? So hat unser Expert das Problem gel\u00f6st &#8211; ein Video-Guide, der wirklich hilft! Ersatzteile von Philips<\/p>\n","protected":false},"author":1,"featured_media":0,"parent":0,"menu_order":0,"comment_status":"closed","ping_status":"closed","template":"","meta":{"footnotes":""},"class_list":["post-8553","page","type-page","status-publish","hentry"],"yoast_head":"<!-- This site is optimized with the Yoast SEO plugin v27.1.1 - https:\/\/yoast.com\/product\/yoast-seo-wordpress\/ -->\n<title>Reparaturanleitung f\u00fcr Phillips Kaffeevollautomaten<\/title>\n<meta name=\"robots\" content=\"index, follow, max-snippet:-1, max-image-preview:large, max-video-preview:-1\" \/>\n<link rel=\"canonical\" href=\"https:\/\/www.coffeemakers.de\/wpcm\/reparaturanleitung-fuer-phillips\/\" \/>\n<meta property=\"og:locale\" content=\"de_DE\" \/>\n<meta property=\"og:type\" content=\"article\" \/>\n<meta property=\"og:title\" content=\"Reparaturanleitung f\u00fcr Phillips Kaffeevollautomaten\" \/>\n<meta property=\"og:description\" content=\"Reparaturanleitung f\u00fcr Phillips Kaffeevollautomaten Sparen Sie sich teure Neuanschaffungen und genie\u00dfen Sie dennoch schnell wieder erstklassigen Kaffee. Mit den Coffeemakers-Reparaturanleitungen. Unsere Anleitungen: Philips Kaffeevollautomat: Die Pumpe wird immer leiser &#8211; Die Pumpe Ihres Kaffeevollautomaten schafft es nicht mehr das Wasser zur Br\u00fchgruppe zu pressen? Das k\u00f6nnte der Grund sein. Phillips 2000er- &amp; 3000er-Serie: Rotes Warnlicht blinkt -Fehlermeldung am Phillips-Kaffeeautomaten? So hat unser Expert das Problem gel\u00f6st &#8211; ein Video-Guide, der wirklich hilft! Ersatzteile von Philips\" \/>\n<meta property=\"og:url\" content=\"https:\/\/www.coffeemakers.de\/wpcm\/reparaturanleitung-fuer-phillips\/\" \/>\n<meta property=\"og:site_name\" content=\"Coffeemakers Magazin\" \/>\n<meta property=\"article:modified_time\" content=\"2025-01-23T13:53:06+00:00\" \/>\n<meta property=\"og:image\" content=\"https:\/\/www.coffeemakers.de\/wpcm\/wp-content\/uploads\/2024\/02\/phillips-header.jpg\" \/>\n<meta name=\"twitter:card\" content=\"summary_large_image\" \/>\n<meta name=\"twitter:label1\" content=\"Gesch\u00e4tzte Lesezeit\" \/>\n\t<meta name=\"twitter:data1\" content=\"1\u00a0Minute\" \/>\n<script type=\"application\/ld+json\" class=\"yoast-schema-graph\">{\"@context\":\"https:\/\/schema.org\",\"@graph\":[{\"@type\":\"WebPage\",\"@id\":\"https:\/\/www.coffeemakers.de\/wpcm\/reparaturanleitung-fuer-phillips\/\",\"url\":\"https:\/\/www.coffeemakers.de\/wpcm\/reparaturanleitung-fuer-phillips\/\",\"name\":\"Reparaturanleitung f\u00fcr Phillips Kaffeevollautomaten\",\"isPartOf\":{\"@id\":\"https:\/\/www.coffeemakers.de\/wpcm\/#website\"},\"primaryImageOfPage\":{\"@id\":\"https:\/\/www.coffeemakers.de\/wpcm\/reparaturanleitung-fuer-phillips\/#primaryimage\"},\"image\":{\"@id\":\"https:\/\/www.coffeemakers.de\/wpcm\/reparaturanleitung-fuer-phillips\/#primaryimage\"},\"thumbnailUrl\":\"https:\/\/www.coffeemakers.de\/wpcm\/wp-content\/uploads\/2024\/02\/phillips-header.jpg\",\"datePublished\":\"2024-02-20T07:13:02+00:00\",\"dateModified\":\"2025-01-23T13:53:06+00:00\",\"breadcrumb\":{\"@id\":\"https:\/\/www.coffeemakers.de\/wpcm\/reparaturanleitung-fuer-phillips\/#breadcrumb\"},\"inLanguage\":\"de\",\"potentialAction\":[{\"@type\":\"ReadAction\",\"target\":[\"https:\/\/www.coffeemakers.de\/wpcm\/reparaturanleitung-fuer-phillips\/\"]}]},{\"@type\":\"ImageObject\",\"inLanguage\":\"de\",\"@id\":\"https:\/\/www.coffeemakers.de\/wpcm\/reparaturanleitung-fuer-phillips\/#primaryimage\",\"url\":\"https:\/\/www.coffeemakers.de\/wpcm\/wp-content\/uploads\/2024\/02\/phillips-header.jpg\",\"contentUrl\":\"https:\/\/www.coffeemakers.de\/wpcm\/wp-content\/uploads\/2024\/02\/phillips-header.jpg\",\"width\":1024,\"height\":380},{\"@type\":\"BreadcrumbList\",\"@id\":\"https:\/\/www.coffeemakers.de\/wpcm\/reparaturanleitung-fuer-phillips\/#breadcrumb\",\"itemListElement\":[{\"@type\":\"ListItem\",\"position\":1,\"name\":\"Startseite\",\"item\":\"https:\/\/www.coffeemakers.de\/wpcm\/\"},{\"@type\":\"ListItem\",\"position\":2,\"name\":\"Reparaturanleitung f\u00fcr Phillips\"}]},{\"@type\":\"WebSite\",\"@id\":\"https:\/\/www.coffeemakers.de\/wpcm\/#website\",\"url\":\"https:\/\/www.coffeemakers.de\/wpcm\/\",\"name\":\"Coffeemakers Magazin\",\"description\":\"\",\"publisher\":{\"@id\":\"https:\/\/www.coffeemakers.de\/wpcm\/#organization\"},\"potentialAction\":[{\"@type\":\"SearchAction\",\"target\":{\"@type\":\"EntryPoint\",\"urlTemplate\":\"https:\/\/www.coffeemakers.de\/wpcm\/?s={search_term_string}\"},\"query-input\":{\"@type\":\"PropertyValueSpecification\",\"valueRequired\":true,\"valueName\":\"search_term_string\"}}],\"inLanguage\":\"de\"},{\"@type\":\"Organization\",\"@id\":\"https:\/\/www.coffeemakers.de\/wpcm\/#organization\",\"name\":\"Coffeemakers Magazin\",\"url\":\"https:\/\/www.coffeemakers.de\/wpcm\/\",\"logo\":{\"@type\":\"ImageObject\",\"inLanguage\":\"de\",\"@id\":\"https:\/\/www.coffeemakers.de\/wpcm\/#\/schema\/logo\/image\/\",\"url\":\"https:\/\/www.coffeemakers.de\/wpcm\/wp-content\/uploads\/2023\/06\/coffeemakers-logo-2018.png\",\"contentUrl\":\"https:\/\/www.coffeemakers.de\/wpcm\/wp-content\/uploads\/2023\/06\/coffeemakers-logo-2018.png\",\"width\":2723,\"height\":2723,\"caption\":\"Coffeemakers Magazin\"},\"image\":{\"@id\":\"https:\/\/www.coffeemakers.de\/wpcm\/#\/schema\/logo\/image\/\"}}]}<\/script>\n<!-- \/ Yoast SEO plugin. -->","yoast_head_json":{"title":"Reparaturanleitung f\u00fcr Phillips Kaffeevollautomaten","robots":{"index":"index","follow":"follow","max-snippet":"max-snippet:-1","max-image-preview":"max-image-preview:large","max-video-preview":"max-video-preview:-1"},"canonical":"https:\/\/www.coffeemakers.de\/wpcm\/reparaturanleitung-fuer-phillips\/","og_locale":"de_DE","og_type":"article","og_title":"Reparaturanleitung f\u00fcr Phillips Kaffeevollautomaten","og_description":"Reparaturanleitung f\u00fcr Phillips Kaffeevollautomaten Sparen Sie sich teure Neuanschaffungen und genie\u00dfen Sie dennoch schnell wieder erstklassigen Kaffee. Mit den Coffeemakers-Reparaturanleitungen. Unsere Anleitungen: Philips Kaffeevollautomat: Die Pumpe wird immer leiser &#8211; Die Pumpe Ihres Kaffeevollautomaten schafft es nicht mehr das Wasser zur Br\u00fchgruppe zu pressen? Das k\u00f6nnte der Grund sein. Phillips 2000er- &amp; 3000er-Serie: Rotes Warnlicht blinkt -Fehlermeldung am Phillips-Kaffeeautomaten? So hat unser Expert das Problem gel\u00f6st &#8211; ein Video-Guide, der wirklich hilft! Ersatzteile von Philips","og_url":"https:\/\/www.coffeemakers.de\/wpcm\/reparaturanleitung-fuer-phillips\/","og_site_name":"Coffeemakers Magazin","article_modified_time":"2025-01-23T13:53:06+00:00","og_image":[{"url":"https:\/\/www.coffeemakers.de\/wpcm\/wp-content\/uploads\/2024\/02\/phillips-header.jpg","type":"","width":"","height":""}],"twitter_card":"summary_large_image","twitter_misc":{"Gesch\u00e4tzte Lesezeit":"1\u00a0Minute"},"schema":{"@context":"https:\/\/schema.org","@graph":[{"@type":"WebPage","@id":"https:\/\/www.coffeemakers.de\/wpcm\/reparaturanleitung-fuer-phillips\/","url":"https:\/\/www.coffeemakers.de\/wpcm\/reparaturanleitung-fuer-phillips\/","name":"Reparaturanleitung f\u00fcr Phillips Kaffeevollautomaten","isPartOf":{"@id":"https:\/\/www.coffeemakers.de\/wpcm\/#website"},"primaryImageOfPage":{"@id":"https:\/\/www.coffeemakers.de\/wpcm\/reparaturanleitung-fuer-phillips\/#primaryimage"},"image":{"@id":"https:\/\/www.coffeemakers.de\/wpcm\/reparaturanleitung-fuer-phillips\/#primaryimage"},"thumbnailUrl":"https:\/\/www.coffeemakers.de\/wpcm\/wp-content\/uploads\/2024\/02\/phillips-header.jpg","datePublished":"2024-02-20T07:13:02+00:00","dateModified":"2025-01-23T13:53:06+00:00","breadcrumb":{"@id":"https:\/\/www.coffeemakers.de\/wpcm\/reparaturanleitung-fuer-phillips\/#breadcrumb"},"inLanguage":"de","potentialAction":[{"@type":"ReadAction","target":["https:\/\/www.coffeemakers.de\/wpcm\/reparaturanleitung-fuer-phillips\/"]}]},{"@type":"ImageObject","inLanguage":"de","@id":"https:\/\/www.coffeemakers.de\/wpcm\/reparaturanleitung-fuer-phillips\/#primaryimage","url":"https:\/\/www.coffeemakers.de\/wpcm\/wp-content\/uploads\/2024\/02\/phillips-header.jpg","contentUrl":"https:\/\/www.coffeemakers.de\/wpcm\/wp-content\/uploads\/2024\/02\/phillips-header.jpg","width":1024,"height":380},{"@type":"BreadcrumbList","@id":"https:\/\/www.coffeemakers.de\/wpcm\/reparaturanleitung-fuer-phillips\/#breadcrumb","itemListElement":[{"@type":"ListItem","position":1,"name":"Startseite","item":"https:\/\/www.coffeemakers.de\/wpcm\/"},{"@type":"ListItem","position":2,"name":"Reparaturanleitung f\u00fcr Phillips"}]},{"@type":"WebSite","@id":"https:\/\/www.coffeemakers.de\/wpcm\/#website","url":"https:\/\/www.coffeemakers.de\/wpcm\/","name":"Coffeemakers Magazin","description":"","publisher":{"@id":"https:\/\/www.coffeemakers.de\/wpcm\/#organization"},"potentialAction":[{"@type":"SearchAction","target":{"@type":"EntryPoint","urlTemplate":"https:\/\/www.coffeemakers.de\/wpcm\/?s={search_term_string}"},"query-input":{"@type":"PropertyValueSpecification","valueRequired":true,"valueName":"search_term_string"}}],"inLanguage":"de"},{"@type":"Organization","@id":"https:\/\/www.coffeemakers.de\/wpcm\/#organization","name":"Coffeemakers Magazin","url":"https:\/\/www.coffeemakers.de\/wpcm\/","logo":{"@type":"ImageObject","inLanguage":"de","@id":"https:\/\/www.coffeemakers.de\/wpcm\/#\/schema\/logo\/image\/","url":"https:\/\/www.coffeemakers.de\/wpcm\/wp-content\/uploads\/2023\/06\/coffeemakers-logo-2018.png","contentUrl":"https:\/\/www.coffeemakers.de\/wpcm\/wp-content\/uploads\/2023\/06\/coffeemakers-logo-2018.png","width":2723,"height":2723,"caption":"Coffeemakers Magazin"},"image":{"@id":"https:\/\/www.coffeemakers.de\/wpcm\/#\/schema\/logo\/image\/"}}]}},"_links":{"self":[{"href":"https:\/\/www.coffeemakers.de\/wpcm\/wp-json\/wp\/v2\/pages\/8553","targetHints":{"allow":["GET"]}}],"collection":[{"href":"https:\/\/www.coffeemakers.de\/wpcm\/wp-json\/wp\/v2\/pages"}],"about":[{"href":"https:\/\/www.coffeemakers.de\/wpcm\/wp-json\/wp\/v2\/types\/page"}],"author":[{"embeddable":true,"href":"https:\/\/www.coffeemakers.de\/wpcm\/wp-json\/wp\/v2\/users\/1"}],"replies":[{"embeddable":true,"href":"https:\/\/www.coffeemakers.de\/wpcm\/wp-json\/wp\/v2\/comments?post=8553"}],"version-history":[{"count":7,"href":"https:\/\/www.coffeemakers.de\/wpcm\/wp-json\/wp\/v2\/pages\/8553\/revisions"}],"predecessor-version":[{"id":9478,"href":"https:\/\/www.coffeemakers.de\/wpcm\/wp-json\/wp\/v2\/pages\/8553\/revisions\/9478"}],"wp:attachment":[{"href":"https:\/\/www.coffeemakers.de\/wpcm\/wp-json\/wp\/v2\/media?parent=8553"}],"curies":[{"name":"wp","href":"https:\/\/api.w.org\/{rel}","templated":true}]}}