{"id":10180,"date":"2025-06-24T09:23:19","date_gmt":"2025-06-24T07:23:19","guid":{"rendered":"https:\/\/www.coffeemakers.de\/wpcm\/?page_id=10180"},"modified":"2025-06-24T09:25:20","modified_gmt":"2025-06-24T07:25:20","slug":"einhornkaffee-einfach-magisch","status":"publish","type":"page","link":"https:\/\/www.coffeemakers.de\/wpcm\/einhornkaffee-einfach-magisch\/","title":{"rendered":""},"content":{"rendered":"\n<figure class=\"wp-block-image size-large\"><img loading=\"lazy\" decoding=\"async\" width=\"1024\" height=\"595\" src=\"https:\/\/www.coffeemakers.de\/wpcm\/wp-content\/uploads\/2025\/06\/einhornkaffee-1024x595.jpg\" alt=\"\" class=\"wp-image-10234\" srcset=\"https:\/\/www.coffeemakers.de\/wpcm\/wp-content\/uploads\/2025\/06\/einhornkaffee-1024x595.jpg 1024w, https:\/\/www.coffeemakers.de\/wpcm\/wp-content\/uploads\/2025\/06\/einhornkaffee-300x174.jpg 300w, https:\/\/www.coffeemakers.de\/wpcm\/wp-content\/uploads\/2025\/06\/einhornkaffee-768x447.jpg 768w, https:\/\/www.coffeemakers.de\/wpcm\/wp-content\/uploads\/2025\/06\/einhornkaffee-1140x663.jpg 1140w, https:\/\/www.coffeemakers.de\/wpcm\/wp-content\/uploads\/2025\/06\/einhornkaffee.jpg 1536w\" sizes=\"auto, (max-width: 1024px) 100vw, 1024px\" \/><\/figure>\n\n\n\n<div style=\"height:45px\" aria-hidden=\"true\" class=\"wp-block-spacer\"><\/div>\n\n\n\n<div class=\"wp-block-buttons is-content-justification-center is-layout-flex wp-container-core-buttons-is-layout-16018d1d wp-block-buttons-is-layout-flex\">\n<div class=\"wp-block-button\"><a class=\"wp-block-button__link has-white-color has-text-color has-background has-link-color wp-element-button\" href=\"https:\/\/www.coffeemakers.de\/Mee-Kaffee-Einhornkaffee-500g\/EH0500\" style=\"background-color:#ee7481\">Jetzt <strong>Einhornkaffee <\/strong>bestellen!<\/a><\/div>\n<\/div>\n\n\n\n<div style=\"height:45px\" aria-hidden=\"true\" class=\"wp-block-spacer\"><\/div>\n\n\n<h1 class=\"wp-block-heading has-text-align-center has-large-font-size\" id=\"einhornmagie-fuer-deinen-kaffeegenuss\"><em>Einhorn-Magie f\u00fcr Deinen Kaffeegenuss<\/em><\/h1>\n\n\n<p class=\"has-medium-font-size\">Einhornkaffee aus der <strong>Familienr\u00f6sterei <\/strong>Mee Kaffee aus Bad Neustadt\/Saale &#8211; <strong>100% aus Arabica<\/strong>-Kaffee ausgesuchter Anbaugebiete in Zentral- und Mittelamerika!<\/p>\n\n\n\n<div style=\"height:45px\" aria-hidden=\"true\" class=\"wp-block-spacer\"><\/div>\n\n\n\n<div class=\"wp-block-columns is-layout-flex wp-container-core-columns-is-layout-9d6595d7 wp-block-columns-is-layout-flex\">\n<div class=\"wp-block-column is-layout-flow wp-block-column-is-layout-flow\" style=\"flex-basis:45%\">\n<figure class=\"wp-block-image size-full\"><img loading=\"lazy\" decoding=\"async\" width=\"800\" height=\"800\" src=\"https:\/\/www.coffeemakers.de\/wpcm\/wp-content\/uploads\/2025\/05\/einhornkaffee.jpg\" alt=\"\" class=\"wp-image-10189\" srcset=\"https:\/\/www.coffeemakers.de\/wpcm\/wp-content\/uploads\/2025\/05\/einhornkaffee.jpg 800w, https:\/\/www.coffeemakers.de\/wpcm\/wp-content\/uploads\/2025\/05\/einhornkaffee-300x300.jpg 300w, https:\/\/www.coffeemakers.de\/wpcm\/wp-content\/uploads\/2025\/05\/einhornkaffee-150x150.jpg 150w, https:\/\/www.coffeemakers.de\/wpcm\/wp-content\/uploads\/2025\/05\/einhornkaffee-768x768.jpg 768w, https:\/\/www.coffeemakers.de\/wpcm\/wp-content\/uploads\/2025\/05\/einhornkaffee-75x75.jpg 75w\" sizes=\"auto, (max-width: 800px) 100vw, 800px\" \/><\/figure>\n<\/div>\n\n\n\n<div class=\"wp-block-column is-layout-flow wp-block-column-is-layout-flow\" style=\"flex-basis:55%\"><h2 class=\"wp-block-heading\" id=\"geschmacksprofil\">Geschmacksprofil:<\/h2>\n\n<h3 class=\"wp-block-heading\" id=\"intensitaet\">Intensit\u00e4t<\/h3>\n\n\n<figure class=\"wp-block-image size-full\"><img loading=\"lazy\" decoding=\"async\" width=\"350\" height=\"23\" src=\"https:\/\/www.coffeemakers.de\/wpcm\/wp-content\/uploads\/2025\/05\/drei.png\" alt=\"\" class=\"wp-image-10192\" srcset=\"https:\/\/www.coffeemakers.de\/wpcm\/wp-content\/uploads\/2025\/05\/drei.png 350w, https:\/\/www.coffeemakers.de\/wpcm\/wp-content\/uploads\/2025\/05\/drei-300x20.png 300w\" sizes=\"auto, (max-width: 350px) 100vw, 350px\" \/><\/figure>\n\n\n<h3 class=\"wp-block-heading\" id=\"saeure\">S\u00e4ure<\/h3>\n\n\n<figure class=\"wp-block-image size-full\"><img loading=\"lazy\" decoding=\"async\" width=\"350\" height=\"23\" src=\"https:\/\/www.coffeemakers.de\/wpcm\/wp-content\/uploads\/2025\/05\/eins.png\" alt=\"\" class=\"wp-image-10194\" srcset=\"https:\/\/www.coffeemakers.de\/wpcm\/wp-content\/uploads\/2025\/05\/eins.png 350w, https:\/\/www.coffeemakers.de\/wpcm\/wp-content\/uploads\/2025\/05\/eins-300x20.png 300w\" sizes=\"auto, (max-width: 350px) 100vw, 350px\" \/><\/figure>\n\n\n<h3 class=\"wp-block-heading\" id=\"roestung\">R\u00f6stung<\/h3>\n\n\n<figure class=\"wp-block-image size-full\"><img loading=\"lazy\" decoding=\"async\" width=\"350\" height=\"23\" src=\"https:\/\/www.coffeemakers.de\/wpcm\/wp-content\/uploads\/2025\/05\/drei.png\" alt=\"\" class=\"wp-image-10192\" srcset=\"https:\/\/www.coffeemakers.de\/wpcm\/wp-content\/uploads\/2025\/05\/drei.png 350w, https:\/\/www.coffeemakers.de\/wpcm\/wp-content\/uploads\/2025\/05\/drei-300x20.png 300w\" sizes=\"auto, (max-width: 350px) 100vw, 350px\" \/><\/figure>\n\n\n<h3 class=\"wp-block-heading\" id=\"profil\">Profil<\/h3>\n\n\n<p><strong>Schokolade, Nuss und Malz<\/strong><\/p>\n<\/div>\n<\/div>\n\n\n\n<div style=\"height:45px\" aria-hidden=\"true\" class=\"wp-block-spacer\"><\/div>\n\n\n\n<div class=\"wp-block-buttons is-content-justification-center is-layout-flex wp-container-core-buttons-is-layout-16018d1d wp-block-buttons-is-layout-flex\">\n<div class=\"wp-block-button\"><a class=\"wp-block-button__link has-white-color has-text-color has-background has-link-color wp-element-button\" href=\"https:\/\/www.coffeemakers.de\/Mee-Kaffee-Einhornkaffee-500g\/EH0500\" style=\"background-color:#ee7481\">Jetzt <strong>Einhornkaffee <\/strong>bestellen!<\/a><\/div>\n<\/div>\n\n\n\n<div style=\"height:45px\" aria-hidden=\"true\" class=\"wp-block-spacer\"><\/div>\n\n\n\n<div class=\"wp-block-columns is-layout-flex wp-container-core-columns-is-layout-9d6595d7 wp-block-columns-is-layout-flex\">\n<div class=\"wp-block-column is-layout-flow wp-block-column-is-layout-flow\">\n<p class=\"has-medium-font-size\">Der <strong>Einhornkaffee<\/strong> der Familienr\u00f6sterei <strong>Mee Kaffee<\/strong> verzaubert mit seinem einzigartigen Geschmack Tag f\u00fcr Tag Kaffeeliebhaber.<\/p>\n\n\n\n<p class=\"has-medium-font-size\">Diese besondere Mischung besteht zu 100\u202f% aus feinsten Arabica-Bohnen aus ausgew\u00e4hlten Hochlandregionen Zentral- und Mittelamerikas. In traditioneller Handwerkskunst und im schonenden Langzeitverfahren von erfahrenen R\u00f6stmeistern veredelt, entsteht ein Kaffee, der seinem Namen alle Ehre macht.<\/p>\n\n\n\n<p class=\"has-medium-font-size\">Sein helles R\u00f6stprofil steht ganz im Zeichen der Einhorn-Magie: kaum Bitterstoffe, wenig S\u00e4ure \u2013 daf\u00fcr ein wunderbar ausgewogener Geschmack. Zarte Schokoladennoten treffen auf eine feine malzige S\u00fc\u00dfe und werden von einem Hauch Nuss harmonisch erg\u00e4nzt.<\/p>\n\n\n\n<p class=\"has-medium-font-size\"><strong>Ein Kaffee wie aus einer anderen Welt \u2013 sanft, lecker und einfach magisch.<\/strong><\/p>\n<\/div>\n<\/div>\n\n\n\n<p><\/p>\n","protected":false},"excerpt":{"rendered":"<p>Einhorn-Magie f\u00fcr Deinen Kaffeegenuss Einhornkaffee aus der Familienr\u00f6sterei Mee Kaffee aus Bad Neustadt\/Saale &#8211; 100% aus Arabica-Kaffee ausgesuchter Anbaugebiete in Zentral- und Mittelamerika! Geschmacksprofil: Intensit\u00e4t S\u00e4ure R\u00f6stung Profil Schokolade, Nuss und Malz Der Einhornkaffee der Familienr\u00f6sterei Mee Kaffee verzaubert mit seinem einzigartigen Geschmack Tag f\u00fcr Tag Kaffeeliebhaber. Diese besondere Mischung besteht zu 100\u202f% aus feinsten Arabica-Bohnen aus ausgew\u00e4hlten Hochlandregionen Zentral- und Mittelamerikas. In traditioneller Handwerkskunst und im schonenden Langzeitverfahren von erfahrenen R\u00f6stmeistern veredelt, entsteht ein Kaffee, der seinem Namen alle Ehre macht. Sein helles R\u00f6stprofil steht ganz im Zeichen der Einhorn-Magie: kaum Bitterstoffe, wenig S\u00e4ure \u2013 daf\u00fcr ein wunderbar ausgewogener Geschmack. Zarte Schokoladennoten treffen auf eine feine malzige S\u00fc\u00dfe und werden von einem Hauch Nuss harmonisch erg\u00e4nzt. Ein Kaffee wie aus einer anderen Welt \u2013 sanft, lecker und einfach magisch.<\/p>\n","protected":false},"author":1,"featured_media":0,"parent":0,"menu_order":0,"comment_status":"closed","ping_status":"closed","template":"","meta":{"footnotes":""},"class_list":["post-10180","page","type-page","status-publish","hentry"],"yoast_head":"<!-- This site is optimized with the Yoast SEO plugin v27.3 - https:\/\/yoast.com\/product\/yoast-seo-wordpress\/ -->\n<title>Einhornkaffee - einfach magisch!<\/title>\n<meta name=\"description\" content=\"Der Einhornkaffee der Familienr\u00f6sterei Mee Kaffee verzaubert mit seinem einzigartigen Geschmack Tag f\u00fcr Tag Kaffeeliebhaber.\" \/>\n<meta name=\"robots\" content=\"index, follow, max-snippet:-1, max-image-preview:large, max-video-preview:-1\" \/>\n<link rel=\"canonical\" href=\"https:\/\/www.coffeemakers.de\/wpcm\/einhornkaffee-einfach-magisch\/\" \/>\n<meta property=\"og:locale\" content=\"de_DE\" \/>\n<meta property=\"og:type\" content=\"article\" \/>\n<meta property=\"og:title\" content=\"Einhornkaffee - einfach magisch!\" \/>\n<meta property=\"og:description\" content=\"Der Einhornkaffee der Familienr\u00f6sterei Mee Kaffee verzaubert mit seinem einzigartigen Geschmack Tag f\u00fcr Tag Kaffeeliebhaber.\" \/>\n<meta property=\"og:url\" content=\"https:\/\/www.coffeemakers.de\/wpcm\/einhornkaffee-einfach-magisch\/\" \/>\n<meta property=\"og:site_name\" content=\"Coffeemakers Magazin\" \/>\n<meta property=\"article:modified_time\" content=\"2025-06-24T07:25:20+00:00\" \/>\n<meta property=\"og:image\" content=\"https:\/\/www.coffeemakers.de\/wpcm\/wp-content\/uploads\/2025\/06\/einhornkaffee.jpg\" \/>\n\t<meta property=\"og:image:width\" content=\"1536\" \/>\n\t<meta property=\"og:image:height\" content=\"893\" \/>\n\t<meta property=\"og:image:type\" content=\"image\/jpeg\" \/>\n<meta name=\"twitter:card\" content=\"summary_large_image\" \/>\n<meta name=\"twitter:label1\" content=\"Gesch\u00e4tzte Lesezeit\" \/>\n\t<meta name=\"twitter:data1\" content=\"2\u00a0Minuten\" \/>\n<script type=\"application\/ld+json\" class=\"yoast-schema-graph\">{\"@context\":\"https:\\\/\\\/schema.org\",\"@graph\":[{\"@type\":\"WebPage\",\"@id\":\"https:\\\/\\\/www.coffeemakers.de\\\/wpcm\\\/einhornkaffee-einfach-magisch\\\/\",\"url\":\"https:\\\/\\\/www.coffeemakers.de\\\/wpcm\\\/einhornkaffee-einfach-magisch\\\/\",\"name\":\"Einhornkaffee - einfach magisch!\",\"isPartOf\":{\"@id\":\"https:\\\/\\\/www.coffeemakers.de\\\/wpcm\\\/#website\"},\"primaryImageOfPage\":{\"@id\":\"https:\\\/\\\/www.coffeemakers.de\\\/wpcm\\\/einhornkaffee-einfach-magisch\\\/#primaryimage\"},\"image\":{\"@id\":\"https:\\\/\\\/www.coffeemakers.de\\\/wpcm\\\/einhornkaffee-einfach-magisch\\\/#primaryimage\"},\"thumbnailUrl\":\"https:\\\/\\\/www.coffeemakers.de\\\/wpcm\\\/wp-content\\\/uploads\\\/2025\\\/06\\\/einhornkaffee-1024x595.jpg\",\"datePublished\":\"2025-06-24T07:23:19+00:00\",\"dateModified\":\"2025-06-24T07:25:20+00:00\",\"description\":\"Der Einhornkaffee der Familienr\u00f6sterei Mee Kaffee verzaubert mit seinem einzigartigen Geschmack Tag f\u00fcr Tag Kaffeeliebhaber.\",\"inLanguage\":\"de\",\"potentialAction\":[{\"@type\":\"ReadAction\",\"target\":[\"https:\\\/\\\/www.coffeemakers.de\\\/wpcm\\\/einhornkaffee-einfach-magisch\\\/\"]}]},{\"@type\":\"ImageObject\",\"inLanguage\":\"de\",\"@id\":\"https:\\\/\\\/www.coffeemakers.de\\\/wpcm\\\/einhornkaffee-einfach-magisch\\\/#primaryimage\",\"url\":\"https:\\\/\\\/www.coffeemakers.de\\\/wpcm\\\/wp-content\\\/uploads\\\/2025\\\/06\\\/einhornkaffee.jpg\",\"contentUrl\":\"https:\\\/\\\/www.coffeemakers.de\\\/wpcm\\\/wp-content\\\/uploads\\\/2025\\\/06\\\/einhornkaffee.jpg\",\"width\":1536,\"height\":893},{\"@type\":\"WebSite\",\"@id\":\"https:\\\/\\\/www.coffeemakers.de\\\/wpcm\\\/#website\",\"url\":\"https:\\\/\\\/www.coffeemakers.de\\\/wpcm\\\/\",\"name\":\"Coffeemakers Magazin\",\"description\":\"\",\"publisher\":{\"@id\":\"https:\\\/\\\/www.coffeemakers.de\\\/wpcm\\\/#organization\"},\"potentialAction\":[{\"@type\":\"SearchAction\",\"target\":{\"@type\":\"EntryPoint\",\"urlTemplate\":\"https:\\\/\\\/www.coffeemakers.de\\\/wpcm\\\/?s={search_term_string}\"},\"query-input\":{\"@type\":\"PropertyValueSpecification\",\"valueRequired\":true,\"valueName\":\"search_term_string\"}}],\"inLanguage\":\"de\"},{\"@type\":\"Organization\",\"@id\":\"https:\\\/\\\/www.coffeemakers.de\\\/wpcm\\\/#organization\",\"name\":\"Coffeemakers Magazin\",\"url\":\"https:\\\/\\\/www.coffeemakers.de\\\/wpcm\\\/\",\"logo\":{\"@type\":\"ImageObject\",\"inLanguage\":\"de\",\"@id\":\"https:\\\/\\\/www.coffeemakers.de\\\/wpcm\\\/#\\\/schema\\\/logo\\\/image\\\/\",\"url\":\"https:\\\/\\\/www.coffeemakers.de\\\/wpcm\\\/wp-content\\\/uploads\\\/2023\\\/06\\\/coffeemakers-logo-2018.png\",\"contentUrl\":\"https:\\\/\\\/www.coffeemakers.de\\\/wpcm\\\/wp-content\\\/uploads\\\/2023\\\/06\\\/coffeemakers-logo-2018.png\",\"width\":2723,\"height\":2723,\"caption\":\"Coffeemakers Magazin\"},\"image\":{\"@id\":\"https:\\\/\\\/www.coffeemakers.de\\\/wpcm\\\/#\\\/schema\\\/logo\\\/image\\\/\"}}]}<\/script>\n<!-- \/ Yoast SEO plugin. -->","yoast_head_json":{"title":"Einhornkaffee - einfach magisch!","description":"Der Einhornkaffee der Familienr\u00f6sterei Mee Kaffee verzaubert mit seinem einzigartigen Geschmack Tag f\u00fcr Tag Kaffeeliebhaber.","robots":{"index":"index","follow":"follow","max-snippet":"max-snippet:-1","max-image-preview":"max-image-preview:large","max-video-preview":"max-video-preview:-1"},"canonical":"https:\/\/www.coffeemakers.de\/wpcm\/einhornkaffee-einfach-magisch\/","og_locale":"de_DE","og_type":"article","og_title":"Einhornkaffee - einfach magisch!","og_description":"Der Einhornkaffee der Familienr\u00f6sterei Mee Kaffee verzaubert mit seinem einzigartigen Geschmack Tag f\u00fcr Tag Kaffeeliebhaber.","og_url":"https:\/\/www.coffeemakers.de\/wpcm\/einhornkaffee-einfach-magisch\/","og_site_name":"Coffeemakers Magazin","article_modified_time":"2025-06-24T07:25:20+00:00","og_image":[{"width":1536,"height":893,"url":"https:\/\/www.coffeemakers.de\/wpcm\/wp-content\/uploads\/2025\/06\/einhornkaffee.jpg","type":"image\/jpeg"}],"twitter_card":"summary_large_image","twitter_misc":{"Gesch\u00e4tzte Lesezeit":"2\u00a0Minuten"},"schema":{"@context":"https:\/\/schema.org","@graph":[{"@type":"WebPage","@id":"https:\/\/www.coffeemakers.de\/wpcm\/einhornkaffee-einfach-magisch\/","url":"https:\/\/www.coffeemakers.de\/wpcm\/einhornkaffee-einfach-magisch\/","name":"Einhornkaffee - einfach magisch!","isPartOf":{"@id":"https:\/\/www.coffeemakers.de\/wpcm\/#website"},"primaryImageOfPage":{"@id":"https:\/\/www.coffeemakers.de\/wpcm\/einhornkaffee-einfach-magisch\/#primaryimage"},"image":{"@id":"https:\/\/www.coffeemakers.de\/wpcm\/einhornkaffee-einfach-magisch\/#primaryimage"},"thumbnailUrl":"https:\/\/www.coffeemakers.de\/wpcm\/wp-content\/uploads\/2025\/06\/einhornkaffee-1024x595.jpg","datePublished":"2025-06-24T07:23:19+00:00","dateModified":"2025-06-24T07:25:20+00:00","description":"Der Einhornkaffee der Familienr\u00f6sterei Mee Kaffee verzaubert mit seinem einzigartigen Geschmack Tag f\u00fcr Tag Kaffeeliebhaber.","inLanguage":"de","potentialAction":[{"@type":"ReadAction","target":["https:\/\/www.coffeemakers.de\/wpcm\/einhornkaffee-einfach-magisch\/"]}]},{"@type":"ImageObject","inLanguage":"de","@id":"https:\/\/www.coffeemakers.de\/wpcm\/einhornkaffee-einfach-magisch\/#primaryimage","url":"https:\/\/www.coffeemakers.de\/wpcm\/wp-content\/uploads\/2025\/06\/einhornkaffee.jpg","contentUrl":"https:\/\/www.coffeemakers.de\/wpcm\/wp-content\/uploads\/2025\/06\/einhornkaffee.jpg","width":1536,"height":893},{"@type":"WebSite","@id":"https:\/\/www.coffeemakers.de\/wpcm\/#website","url":"https:\/\/www.coffeemakers.de\/wpcm\/","name":"Coffeemakers Magazin","description":"","publisher":{"@id":"https:\/\/www.coffeemakers.de\/wpcm\/#organization"},"potentialAction":[{"@type":"SearchAction","target":{"@type":"EntryPoint","urlTemplate":"https:\/\/www.coffeemakers.de\/wpcm\/?s={search_term_string}"},"query-input":{"@type":"PropertyValueSpecification","valueRequired":true,"valueName":"search_term_string"}}],"inLanguage":"de"},{"@type":"Organization","@id":"https:\/\/www.coffeemakers.de\/wpcm\/#organization","name":"Coffeemakers Magazin","url":"https:\/\/www.coffeemakers.de\/wpcm\/","logo":{"@type":"ImageObject","inLanguage":"de","@id":"https:\/\/www.coffeemakers.de\/wpcm\/#\/schema\/logo\/image\/","url":"https:\/\/www.coffeemakers.de\/wpcm\/wp-content\/uploads\/2023\/06\/coffeemakers-logo-2018.png","contentUrl":"https:\/\/www.coffeemakers.de\/wpcm\/wp-content\/uploads\/2023\/06\/coffeemakers-logo-2018.png","width":2723,"height":2723,"caption":"Coffeemakers Magazin"},"image":{"@id":"https:\/\/www.coffeemakers.de\/wpcm\/#\/schema\/logo\/image\/"}}]}},"_links":{"self":[{"href":"https:\/\/www.coffeemakers.de\/wpcm\/wp-json\/wp\/v2\/pages\/10180","targetHints":{"allow":["GET"]}}],"collection":[{"href":"https:\/\/www.coffeemakers.de\/wpcm\/wp-json\/wp\/v2\/pages"}],"about":[{"href":"https:\/\/www.coffeemakers.de\/wpcm\/wp-json\/wp\/v2\/types\/page"}],"author":[{"embeddable":true,"href":"https:\/\/www.coffeemakers.de\/wpcm\/wp-json\/wp\/v2\/users\/1"}],"replies":[{"embeddable":true,"href":"https:\/\/www.coffeemakers.de\/wpcm\/wp-json\/wp\/v2\/comments?post=10180"}],"version-history":[{"count":24,"href":"https:\/\/www.coffeemakers.de\/wpcm\/wp-json\/wp\/v2\/pages\/10180\/revisions"}],"predecessor-version":[{"id":10237,"href":"https:\/\/www.coffeemakers.de\/wpcm\/wp-json\/wp\/v2\/pages\/10180\/revisions\/10237"}],"wp:attachment":[{"href":"https:\/\/www.coffeemakers.de\/wpcm\/wp-json\/wp\/v2\/media?parent=10180"}],"curies":[{"name":"wp","href":"https:\/\/api.w.org\/{rel}","templated":true}]}}